{"id":3,"date":"2024-02-08T12:34:54","date_gmt":"2024-02-08T10:34:54","guid":{"rendered":"https:\/\/www.okiru.cat\/es\/?page_id=3"},"modified":"2024-02-20T00:51:41","modified_gmt":"2024-02-19T22:51:41","slug":"politica-de-proteccion-de-datos","status":"publish","type":"page","link":"https:\/\/www.okiru.cat\/es\/politica-de-proteccion-de-datos\/","title":{"rendered":"Pol\u00edtica de protecci\u00f3n de datos"},"content":{"rendered":"<div class=\"fusion-fullwidth fullwidth-box fusion-builder-row-1 fusion-flex-container nonhundred-percent-fullwidth non-hundred-percent-height-scrolling\" style=\"--awb-border-radius-top-left:0px;--awb-border-radius-top-right:0px;--awb-border-radius-bottom-right:0px;--awb-border-radius-bottom-left:0px;--awb-flex-wrap:wrap;\" ><div class=\"fusion-builder-row fusion-row fusion-flex-align-items-flex-start fusion-flex-content-wrap\" style=\"max-width:1248px;margin-left: calc(-4% \/ 2 );margin-right: calc(-4% \/ 2 );\"><div class=\"fusion-layout-column fusion_builder_column fusion-builder-column-0 fusion_builder_column_1_1 1_1 fusion-flex-column\" style=\"--awb-bg-blend:overlay;--awb-bg-size:cover;--awb-width-large:100%;--awb-margin-top-large:0px;--awb-spacing-right-large:1.92%;--awb-margin-bottom-large:0px;--awb-spacing-left-large:1.92%;--awb-width-medium:100%;--awb-spacing-right-medium:1.92%;--awb-spacing-left-medium:1.92%;--awb-width-small:100%;--awb-spacing-right-small:1.92%;--awb-spacing-left-small:1.92%;\"><div class=\"fusion-column-wrapper fusion-flex-justify-content-flex-start fusion-content-layout-column\"><div class=\"fusion-text fusion-text-1\"><\/p>\n<h2 class=\"wp-block-heading\">Responsable. Qui \u00e9s el Responsable del tractament de dades?<\/h2>\n<\/p>\n<p><span class=\"privacy-policy-tutorial\">Li informem que Ampersand Set, S.L. (en endavant \u201c<b>OKIR\u00dc<\/b>\u201d) \u00e9s la titular de la web <b>www.okiru.cat\/es<\/b>, amb CIF: B66339771 i domicili al C\/Castillejos, num. 326, planta 1, pta. 1, 08025, Barcelona. Poden contactar per correu electr\u00f2nic a: info@okiru.cat<\/span><\/p>\n<\/p>\n<h2 class=\"wp-block-heading\">Legitimaci\u00f3. Quina \u00e9s la legitimaci\u00f3 per al tractament de les seves dades?<\/h2>\n<\/p>\n<p>La base legal per al tractament de les seves dades est\u00e0 basada en el consentiment que se li sol\u00b7licitar\u00e0 als diferents formularis de contacte. L\u2019usuari que faciliti les seves dades personal a trav\u00e9s dels diferents formularis de contacte, estar\u00e0 proporcionant volunt\u00e0riament dades de car\u00e0cter personal (d\u2019ara en endavant Dades Personals). La informaci\u00f3 que ens faciliti passar\u00e0 a ser introdu\u00efda en un tractament de dades sota la responsabilitat de \u201c<b>OKIR\u00dc<\/b>\u201d i es mantindr\u00e0 confidencial i protegit.<\/p>\n<p>\u201c<b>OKIR\u00dc<\/b>\u201d informa als usuaris que, en compliment del RGPD 679\/2016 disposa d\u2019un Registre d\u2019Activitats. Per tot aix\u00f2, l\u2019usuari accepta de forma expressa, plenament i sense reserves que \u201c<b>OKIR\u00dc<\/b>\u201d tracti les seves dades personals de forma automatitzada i els incorpori a un tractament de dades amb la finalitat de poder respondre les consultes que vost\u00e8 plantegi i prestat i oferir els seus serveis. A l\u2019ep\u00edgraf Finalitat li detallarem \u00e0mpliament amb quina finalitat \u201c<b>OKIR\u00dc<\/b>\u201d tractar\u00e0 les seves dades personals.<\/p>\n<p>Aquesta pol\u00edtica de privacitat descriu la recopilaci\u00f3 l\u2019\u00fas que fem de la seva informaci\u00f3 personal. Llevat que espec\u00edficament s\u2019estableixi el contrari, es considerar\u00e0 necessari completar totes les dades obligat\u00f2ries per a utilitzar tots els formularis.<\/p>\n<\/p>\n<h2 class=\"wp-block-heading\">Proced\u00e8ncia. Com hem obtingut les seves dades?<\/h2>\n<\/p>\n<p>Tota la informaci\u00f3 personal, dades de car\u00e0cter personal, que tenim de vost\u00e8 ens les ha facilitat a trav\u00e9s dels diferents formularis de contacte o als correus electr\u00f2nics.<\/p>\n<p>Dades que es sol\u00b7liciten al formulari de contacte:<\/p>\n<ul>\n<li>Nom<\/li>\n<li>Correu electr\u00f2nic<\/li>\n<\/ul>\n<p>No es tractaran dades especialment protegides.<\/p>\n<p>Visitar la web de \u201c<b>OKIR\u00dc<\/b>\u201d no suposa que l\u2019usuari estigui obligat a facilitar cap informaci\u00f3 sobre si mateix.<\/p>\n<p>L\u2019usuari tindr\u00e0 l\u2019opci\u00f3 de prestar la seva acceptaci\u00f3 i consentiment al tractament de les seves dades personals per part de \u201c<b>OKIR\u00dc<\/b>\u201d de conformitat amb la Present Pol\u00edtica de Protecci\u00f3 de Dades. No obstant, si no accepta els termes de la Pol\u00edtica de Protecci\u00f3 de Dades, no podr\u00e0 utilitzar el formulari de contacte.<\/p>\n<p>\u201c<b>OKIR\u00dc<\/b>\u201d prohibeix expressament que els menors de divuit anys facilitin dades personals sense el consentiment previ dels seus pares o tutors. En cas de ser menor de divuit anys i no tenir aquest consentiment, no faciliti dades personals a \u201c<b>OKIR\u00dc<\/b>\u201d ni utilitzi els nostres serveis.<\/p>\n<p>L\u2019usuari haur\u00e0 de facilitar a \u201c<b>OKIR\u00dc<\/b>\u201d les dades personals que se li puguin requerir quan utilitzi el formulari de contacte. Les dades personals seran tractades amb el grau de protecci\u00f3 legalment exigible per a garantir la seguretat de les mateixes i evitar la seva alteraci\u00f3, p\u00e8rdua, tractament o acc\u00e9s no autoritzat, tenint en compte l\u2019estat de la tecnologia, sent l\u2019usuari conscient i acceptant que les mesures de seguretat a Internet no s\u00f3n inexpugnables.<\/p>\n<p>&nbsp;<\/p>\n<\/p>\n<h2 class=\"wp-block-heading\">Finalitat. Amb quina finalitat tractarem les seves dades personal?<\/h2>\n<\/p>\n<p>A \u201c<b>OKIR\u00dc<\/b>\u201d tractem la informaci\u00f3 que ens facilita per a gestionar les consultes rebudes.<\/p>\n<p>Finalitat del tractament de dades del formulari de contacte: respondre a les seves consultes.<\/p>\n<p>En resum, la informaci\u00f3 personal que ens faciliti a trav\u00e9s dels diferents formularis i als correus electr\u00f2nics, es mantindr\u00e0 confidencial i protegida. En cap cas es destinar\u00e0 o utilitzar\u00e0 per a altres fins, no s\u2019entregar\u00e0 a terceres persones sense el seu consentiment, d\u2019acord amb el que estableix el RGPD 679\/2016. Per complir amb les diferents disposicions legals, hem establert diferents nivells de seguretat per a protegir les dades personals que ens faciliti, havent adoptat totes les mesures t\u00e8cniques al nostre abast per evitar la p\u00e8rdua, mal \u00fas, alteraci\u00f3, acc\u00e9s no autoritzat i manipulaci\u00f3 d\u2019aquestes dades personals.<\/p>\n<p>El nostre comprom\u00eds:<\/p>\n<ul>\n<li>Prometem protegir la seva intimitat i tractar de forma confidencial la informaci\u00f3 que proporcioni.<\/li>\n<li>La informaci\u00f3 que proporcioni ser\u00e0 utilitzada \u00fanicament per als serveis contractats.<\/li>\n<li>No revelarem la seva informaci\u00f3 personal a tercers sense el seu consentiment.<\/li>\n<\/ul>\n<h2 class=\"wp-block-heading\">Per quant de temps conservarem les seves dades?<\/h2>\n<\/p>\n<p>Les dades de car\u00e0cter personal es conservaran en compliment dels terminis legals de prescripci\u00f3 que resultin d\u2019aplicaci\u00f3.<\/p>\n<p>Si es subscriu a la newsletter, podr\u00e0 donar-se de baixa quan ho desitgi.<\/p>\n<\/p>\n<h2 class=\"wp-block-heading\">Destinataris. A quins destinataris es comunicaran les dades?<\/h2>\n<\/p>\n<p><span class=\"privacy-policy-tutorial\">Aquestes dades seran tractades per \u201c<b>OKIR\u00dc<\/b>\u201d i seran sotmeses a secret professional per a poder prestar-li el servei sol\u00b7licitat. <\/span><\/p>\n<\/p>\n<h2 class=\"wp-block-heading\">Drets. Quins s\u00f3n els seus drets quan ens facilita dades?<\/h2>\n<\/p>\n<p>Qualsevol persona t\u00e9 dret a obtenir confirmaci\u00f3 sobre si \u201c<b>OKIR\u00dc<\/b>\u201d tracta amb dades personals que li concerneixin, o no. Les persones interessades tenen dret a accedir a les seves dades personals, aix\u00ed com a sol\u00b7licitar la rectificaci\u00f3 de les dades inexactes o, en el seu cas, sol\u00b7licitar la cancel\u00b7laci\u00f3. T\u00e9 sempre dret a exercir els seus drets d\u2019acc\u00e9s, rectificaci\u00f3, oposici\u00f3, supressi\u00f3, limitaci\u00f3 de tractament i portabilitat de les dades personals que ens hagi proporcionat, establerts al RGPD 679\/2016. Por fer-ho a la seg\u00fcent adre\u00e7a: info@theacompanyconsulting.com, o b\u00e9 per escrit al domicili social ubicat al C\/Castillejos, num. 326, planta 1, pta. 1, 08025, Barcelona. Podr\u00e0 dirigir-se a l\u2019Autoritat de control competent per a presentar la reclamaci\u00f3 que consideri oportuna.<\/p>\n<\/p>\n<h2 class=\"wp-block-heading\">Pol\u00edtica de cookies<\/h2>\n<\/p>\n<p>Les cookies s\u00f3n petits arxius que s\u2019instal\u00b7len a l\u2019ordinador de l\u2019usuari i que permeten al responsable d\u2019un servei millorar la forma d\u2019interactuar entre els seus visitants i el seu lloc web. En alguns casos, la instal\u00b7laci\u00f3 d\u2019aquestes cookies requereixen del consentiment de l\u2019usuari.<\/p>\n<p>Existeixen diferents classes de cookies, afectades i no afectades per la Llei:<\/p>\n<p>Cookies no afectades:<\/p>\n<ul>\n<li><b>T\u00e8cniques<\/b>: S\u00f3n necess\u00e0ries per a la navegaci\u00f3. Sense elles la p\u00e0gina no funcionaria de forma adequada.<\/li>\n<li><b>De personalitzaci\u00f3 o configuraci\u00f3<\/b>: Permeten que la p\u00e0gina reconegui l\u2019idioma de l\u2019usuari, la mida de les lletres, etc.<\/li>\n<li><b>De seguretat<\/b>: Impedeixen o dificulten els atacs contra el lloc web o els seus usuaris.<\/li>\n<\/ul>\n<p>Cookies afectades:<\/p>\n<ul>\n<li><b>Anal\u00edtiques<\/b>: Permeten mesurar l\u2019activitat dels usuaris i elaborar estad\u00edstiques de navegaci\u00f3.<\/li>\n<li><b>Publicit\u00e0ries<\/b>: Gestionen la freq\u00fc\u00e8ncia i contingut dels anuncis.<\/li>\n<li><b>De seguiment<\/b>: Emmagatzemen informaci\u00f3 sobre els usuaris per a mostrar-los publicitat personalitzada.<\/li>\n<\/ul>\n<p>\u201c<b>OKIR\u00dc<\/b>\u201d informa que el lloc web utilitza Google Analytics, un servei anal\u00edtic de web prestat per Google, Inc., una empresa de Delaware l\u2019oficina de la qual est\u00e0 al 1600 Amphitheatre Parkway, Mountain View (California), CA 94043, Estados Unidos (\u201cGoogle\u201d).<\/p>\n<p>Google Analytics utilitza cookies per ajudar al llos web a analitzar l\u2019\u00fas que fan els usuaris de la web. La informaci\u00f3 que genera la cookie sobre el seu \u00fas del lloc web (incloent la seva adre\u00e7a IP) ser\u00e0 directament transmesa i arxivada per Google als servidors d\u2019Estats Units.<\/p>\n<p>Llista de cookies:<\/p>\n<p>&nbsp;<\/p>\n<p><a href=\"https:\/\/developers.google.com\/analytics\/devguides\/collection\/analyticsjs\/cookie-usage?hl=es-419\" target=\"_blank\" rel=\"noopener noreferrer\">https:\/\/developers.google.com\/analytics\/devguides\/collection\/analyticsjs\/cookie-usage?hl=es-419<\/a><\/p>\n<p>Quan visita la web de \u201c<b>OKIR\u00dc<\/b>\u201d, algunes cookies no les instal\u00b7lem nosaltres, sin\u00f3 tercers. Per exemple, si fa clic en un anunci d\u2019un tercer que apareix al lloc web (\u00e9s a dir, que anuncia un producte que no venen directament nosaltres), aquest tercer pot instal\u00b7lar cookies als seu dispositiu. Tenim una relaci\u00f3 comercial amb aquests tercers per\u00f2 no instal\u00b7lem les cookies al seu dispositiu. Per tant suggerim que vagi als llocs webs d\u2019aquests tercers per obtenir m\u00e9s informaci\u00f3 sobre les cookies que instal\u00b7len i com vost\u00e8 pot gestionar-les.<\/p>\n<p>Pot vost\u00e8 rebutjar el tractament de les dades o la informaci\u00f3 desactivant l\u2019\u00fas de cookies mitjan\u00e7ant la selecci\u00f3 de la configuraci\u00f3 apropiada del seu navegador, tot i que, ha de saber vost\u00e8 que si ho fa pot ser que no pugui utilitzar la plena funcionalitat del lloc web. A l\u2019utilitzar aquest lloc web vost\u00e8 consent el tractament d\u2019informaci\u00f3 sobre vost\u00e8 per Google de la forma i amb les finalitat a dalt indicades.<\/p>\n<p>Per a desactivar\/activar cookies al seu dispositiu, haur\u00e0 de fer-ho a trav\u00e9s del seu navegador d\u2019Internet.<\/p>\n<p><b>Com desactivar\/actives les cookies de tercers?<\/b><\/p>\n<p>Les cookies de tercers no les instal\u00b7lem nosaltres. Per tant li suggerim que miri als llocs web d\u2019aquests tercers per obtenir informaci\u00f3 sobre les cookies que instal\u00b7len i com les pot gestionar.<\/p>\n<p>&nbsp;<\/p><\/p>\n<\/div><\/div><\/div><\/div><\/div>","protected":false},"excerpt":{"rendered":"","protected":false},"author":1,"featured_media":0,"parent":0,"menu_order":0,"comment_status":"closed","ping_status":"open","template":"100-width.php","meta":{"footnotes":""},"aioseo_notices":[],"_links":{"self":[{"href":"https:\/\/www.okiru.cat\/es\/wp-json\/wp\/v2\/pages\/3"}],"collection":[{"href":"https:\/\/www.okiru.cat\/es\/wp-json\/wp\/v2\/pages"}],"about":[{"href":"https:\/\/www.okiru.cat\/es\/wp-json\/wp\/v2\/types\/page"}],"author":[{"embeddable":true,"href":"https:\/\/www.okiru.cat\/es\/wp-json\/wp\/v2\/users\/1"}],"replies":[{"embeddable":true,"href":"https:\/\/www.okiru.cat\/es\/wp-json\/wp\/v2\/comments?post=3"}],"version-history":[{"count":5,"href":"https:\/\/www.okiru.cat\/es\/wp-json\/wp\/v2\/pages\/3\/revisions"}],"predecessor-version":[{"id":1877,"href":"https:\/\/www.okiru.cat\/es\/wp-json\/wp\/v2\/pages\/3\/revisions\/1877"}],"wp:attachment":[{"href":"https:\/\/www.okiru.cat\/es\/wp-json\/wp\/v2\/media?parent=3"}],"curies":[{"name":"wp","href":"https:\/\/api.w.org\/{rel}","templated":true}]}}